{"id":3165,"date":"2024-02-29T15:40:41","date_gmt":"2024-02-29T14:40:41","guid":{"rendered":"https:\/\/enfin-mieux.com\/?page_id=3165"},"modified":"2024-04-23T15:41:29","modified_gmt":"2024-04-23T13:41:29","slug":"contact","status":"publish","type":"page","link":"https:\/\/enfin-mieux.com\/index.php\/contact\/","title":{"rendered":"Contact"},"content":{"rendered":"<div class=\"wpb-content-wrapper\"><p>[vc_row full_width=&#8221;stretch_row_content_no_spaces&#8221;][vc_column][rev_slider_vc alias=&#8221;Enfin-Mieux&#8221; css=&#8221;.vc_custom_1708957699495{margin-bottom: 0px !important;}&#8221;][\/vc_column][\/vc_row][vc_row full_width=&#8221;stretch_row_content_no_spaces&#8221; overflow=&#8221;visible&#8221; zindex=&#8221;100&#8243; css=&#8221;.vc_custom_1597330677918{margin-top: -120px !important;margin-bottom: 40px !important;}&#8221;][vc_column overflow=&#8221;default&#8221; css=&#8221;.vc_custom_1597330527988{margin-top: 0px !important;padding-top: 0px !important;}&#8221;][vc_row_inner content_placement=&#8221;top&#8221; shadow=&#8221;shadow1&#8243; overflow=&#8221;default&#8221; css=&#8221;.vc_custom_1709024692793{background-color: #ffffff !important;}&#8221; max_width=&#8221;1400px&#8221; padding_tablet=&#8221;45px 0px 45px 0px&#8221;][vc_column_inner width=&#8221;1\/4&#8243; overflow=&#8221;default&#8221; css=&#8221;.vc_custom_1709024612402{padding-top: 60px !important;padding-right: 15px !important;padding-bottom: 90px !important;padding-left: 15px !important;}&#8221; padding_tablet=&#8221;10px 30px 10px 30px&#8221;]\r\n<div id=\"counter-IPhKroTaRw\" class=\"sh-counter sh-counter-style6\">\r\n\t\r\n\t\t<div class=\"sh-counter-icon\"><i class=\"\"><\/i><\/div>\r\n\t\t<div class=\"sh-counter-number sh-counter-animate size-xxl\">98<\/div>\r\n\t\t<div class=\"sh-counter-divider\"><\/div>\r\n\t\t<span class=\"sh-counter-title\"><\/span>\r\n\t\t\t\t\t<div class=\"sh-counter-subtitle\">participants satisfaits de la qualit\u00e9<\/div>\r\n\t\t\r\n\t<\/div>\r\n            <style type=\"text\/css\">\r\n                #counter-IPhKroTaRw .sh-counter-number:after {content: \"%\";}#counter-IPhKroTaRw .sh-counter-title {font-size: 13px!important;}#counter-IPhKroTaRw .sh-counter-number {font-weight: 700!important;}#counter-IPhKroTaRw .sh-counter-number {color: #363636;}#counter-IPhKroTaRw .sh-counter-title {font-size: 13px;}#counter-IPhKroTaRw .sh-counter-title {color: #363636;}#counter-IPhKroTaRw.sh-counter-style6 .sh-counter-divider {border-style: solid;}#counter-IPhKroTaRw .sh-counter-number {font-family: 'Montserrat'!important;}            <\/style>\r\n        [\/vc_column_inner][vc_column_inner width=&#8221;1\/4&#8243; overflow=&#8221;default&#8221; css=&#8221;.vc_custom_1709023919251{padding-top: 60px !important;padding-right: 15px !important;padding-bottom: 90px !important;padding-left: 15px !important;}&#8221; padding_tablet=&#8221;10px 30px 10px 30px&#8221;]\r\n<div id=\"counter-7svXSbUDPC\" class=\"sh-counter sh-counter-style6\">\r\n\t\r\n\t\t<div class=\"sh-counter-icon\"><i class=\"\"><\/i><\/div>\r\n\t\t<div class=\"sh-counter-number sh-counter-animate size-xxl\">97<\/div>\r\n\t\t<div class=\"sh-counter-divider\"><\/div>\r\n\t\t<span class=\"sh-counter-title\"><\/span>\r\n\t\t\t\t\t<div class=\"sh-counter-subtitle\">participants satisfaits du contenu p\u00e9dagogique<\/div>\r\n\t\t\r\n\t<\/div>\r\n            <style type=\"text\/css\">\r\n                #counter-7svXSbUDPC .sh-counter-number:after {content: \"%\";}#counter-7svXSbUDPC .sh-counter-title {font-size: 13px!important;}#counter-7svXSbUDPC .sh-counter-number {font-weight: 700!important;}#counter-7svXSbUDPC .sh-counter-number {color: #363636;}#counter-7svXSbUDPC .sh-counter-title {font-size: 13px;}#counter-7svXSbUDPC .sh-counter-title {color: #363636;}#counter-7svXSbUDPC.sh-counter-style6 .sh-counter-divider {border-style: solid;}#counter-7svXSbUDPC .sh-counter-number {font-family: 'Montserrat'!important;}            <\/style>\r\n        [\/vc_column_inner][vc_column_inner width=&#8221;1\/4&#8243; overflow=&#8221;default&#8221; css=&#8221;.vc_custom_1709023928428{padding-top: 60px !important;padding-right: 15px !important;padding-bottom: 90px !important;padding-left: 15px !important;}&#8221; padding_tablet=&#8221;10px 30px 10px 30px&#8221;]\r\n<div id=\"counter-sTDXQ0j798\" class=\"sh-counter sh-counter-style6\">\r\n\t\r\n\t\t<div class=\"sh-counter-icon\"><i class=\"\"><\/i><\/div>\r\n\t\t<div class=\"sh-counter-number sh-counter-animate size-xxl\">91<\/div>\r\n\t\t<div class=\"sh-counter-divider\"><\/div>\r\n\t\t<span class=\"sh-counter-title\"><\/span>\r\n\t\t\t\t\t<div class=\"sh-counter-subtitle\">stagiaires validant une \u00e9volution de comp\u00e9tences<\/div>\r\n\t\t\r\n\t<\/div>\r\n            <style type=\"text\/css\">\r\n                #counter-sTDXQ0j798 .sh-counter-number:after {content: \"%\";}#counter-sTDXQ0j798 .sh-counter-title {font-size: 13px!important;}#counter-sTDXQ0j798 .sh-counter-number {font-weight: 700!important;}#counter-sTDXQ0j798 .sh-counter-number {color: #363636;}#counter-sTDXQ0j798 .sh-counter-title {font-size: 13px;}#counter-sTDXQ0j798 .sh-counter-title {color: #363636;}#counter-sTDXQ0j798.sh-counter-style6 .sh-counter-divider {border-style: solid;}#counter-sTDXQ0j798 .sh-counter-number {font-family: 'Montserrat'!important;}            <\/style>\r\n        [\/vc_column_inner][vc_column_inner width=&#8221;1\/4&#8243; overflow=&#8221;default&#8221; css=&#8221;.vc_custom_1709023938791{padding-top: 60px !important;padding-right: 15px !important;padding-bottom: 90px !important;padding-left: 15px !important;}&#8221; padding_tablet=&#8221;10px 30px 10px 30px&#8221;]\r\n<div id=\"counter-AFUxkQdC56\" class=\"sh-counter sh-counter-style6\">\r\n\t\r\n\t\t<div class=\"sh-counter-icon\"><i class=\"\"><\/i><\/div>\r\n\t\t<div class=\"sh-counter-number sh-counter-animate size-xxl\">300<\/div>\r\n\t\t<div class=\"sh-counter-divider\"><\/div>\r\n\t\t<span class=\"sh-counter-title\"><\/span>\r\n\t\t\t\t\t<div class=\"sh-counter-subtitle\">stagiaires form\u00e9s et heureux en 2023<\/div>\r\n\t\t\r\n\t<\/div>\r\n            <style type=\"text\/css\">\r\n                #counter-AFUxkQdC56 .sh-counter-number:after {content: \"+\";}#counter-AFUxkQdC56 .sh-counter-title {font-size: 13px!important;}#counter-AFUxkQdC56 .sh-counter-number {font-weight: 700!important;}#counter-AFUxkQdC56 .sh-counter-number {color: #363636;}#counter-AFUxkQdC56 .sh-counter-title {font-size: 13px;}#counter-AFUxkQdC56 .sh-counter-title {color: #363636;}#counter-AFUxkQdC56.sh-counter-style6 .sh-counter-divider {border-style: solid;}#counter-AFUxkQdC56 .sh-counter-number {font-family: 'Montserrat'!important;}            <\/style>\r\n        [\/vc_column_inner][\/vc_row_inner][\/vc_column][\/vc_row][vc_row full_width=&#8221;stretch_row&#8221; overflow=&#8221;default&#8221; padding_tablet=&#8221;70px 0px 100px 0px&#8221; css=&#8221;.vc_custom_1709132904842{padding-top: 10px !important;padding-bottom: 20px !important;background-image: url(https:\/\/enfin-mieux.com\/wp-content\/uploads\/2024\/02\/Logo-pale.png?id=3033) !important;background-position: 0 0 !important;background-repeat: no-repeat !important;}&#8221;][vc_column css_animation=&#8221;none&#8221; overflow=&#8221;default&#8221;][vc_row_inner overflow=&#8221;default&#8221; css=&#8221;.vc_custom_1709130829037{padding-top: 30px !important;padding-bottom: 20px !important;}&#8221; max_width=&#8221;630&#8243;][vc_column_inner overflow=&#8221;default&#8221; max_width=&#8221;630&#8243; css_animation=&#8221;fadeInDown&#8221;]\r\n<div class=\"sh-heading  \" id=\"heading-YbPOJKelTz\">\r\n\t<div class=\"sh-element-margin\">\r\n\r\n\t\t\r\n\t\t\t<h2 class=\"sh-heading-content size-xs text-center\">\r\n\t\t\t\tUNE QUESTION ?\t\t\t<\/h2>\r\n\r\n\t\t\r\n\t<\/div>\r\n<\/div>\r\n            <style type=\"text\/css\">\r\n                #heading-YbPOJKelTz .sh-element-margin {}#heading-YbPOJKelTz .sh-heading-content {font-weight: 300!important;letter-spacing: 6px;color: #919191;}#heading-YbPOJKelTz .sh-heading-content,#heading-YbPOJKelTz .sh-heading-additional-text {}            <\/style>\r\n        \r\n            \r\n            <div class=\"sh-empty-space vc_empty_space sh-empty-space-qCmOwL5cag  \" style=\"height: 20px\">\r\n                <span class=\"vc_empty_space_inner\"><\/span>\r\n            <\/div>\r\n\r\n        \r\n<div class=\"sh-heading  \" id=\"heading-v09jnV4L7t\">\r\n\t<div class=\"sh-element-margin\">\r\n\r\n\t\t\r\n\t\t\t<h2 class=\"sh-heading-content size-xl text-center\">\r\n\t\t\t\tEXPLIQUEZ NOUS VOTRE PROJET\t\t\t<\/h2>\r\n\r\n\t\t\r\n\t<\/div>\r\n<\/div>\r\n            <style type=\"text\/css\">\r\n                #heading-v09jnV4L7t .sh-element-margin {}#heading-v09jnV4L7t .sh-heading-content {font-weight: 700!important;}#heading-v09jnV4L7t .sh-heading-content,#heading-v09jnV4L7t .sh-heading-additional-text {}            <\/style>\r\n        \r\n            \r\n            <div class=\"sh-empty-space vc_empty_space sh-empty-space-RUcueC38nz  \" style=\"height: 20px\">\r\n                <span class=\"vc_empty_space_inner\"><\/span>\r\n            <\/div>\r\n\r\n        \r\n<div id=\"text-block-TD9xoc4Vha\" class=\"sh-text-block\">\r\n\t<\/p>\n<p style=\"text-align: justify;\">Vous aimeriez animer une formation<span style=\"color: #fe6f41;\"> intra-entreprise<\/span> ? Vous souhaitez vous inscrire dans une session de formation <span style=\"color: #fe6f41;\">inter-entreprise<\/span> ? Vous vous posez des questions sur le <strong><span style=\"color: #fe6f41;\">financement CPF<\/span><\/strong> de certaines de nos formations ? Vous voulez des informations sur l&#8217;\u00e9ligibilit\u00e9 de nos formations aux formations r\u00e9glementaires <span style=\"color: #fe6f41;\">&#8220;Loi ALUR&#8221;<\/span> ? Vous souhaitez nous parler d&#8217;une <span style=\"color: #fe6f41;\">formation sur mesure<\/span> ?<br \/>\nLaissez nous un message nous vous recontacterons sans d\u00e9lai.<\/p>\n<p><\/div>\r\n            <style type=\"text\/css\">\r\n                #text-block-TD9xoc4Vha {margin: 0px 0px 15px 0px;}#text-block-TD9xoc4Vha a:hover,#text-block-TD9xoc4Vha a:focus {color: #fe6f41;}#text-block-TD9xoc4Vha .drop-cap {font-weight: bold;font-size: 50px;display: block;float: left;margin: 8px 10px 0 0;}            <\/style>\r\n        [\/vc_column_inner][\/vc_row_inner][vc_row_inner overflow=&#8221;default&#8221; css=&#8221;.vc_custom_1709029828865{padding-bottom: 50px !important;}&#8221;][vc_column_inner width=&#8221;1\/4&#8243;][\/vc_column_inner][vc_column_inner width=&#8221;1\/2&#8243; overflow=&#8221;default&#8221;]\r\n            \r\n            <div class=\"sh-empty-space vc_empty_space sh-empty-space-TJwezYHxfP  \" style=\"height: 50px\">\r\n                <span class=\"vc_empty_space_inner\"><\/span>\r\n            <\/div>\r\n\r\n        \r\n            <style media=\"screen\">\r\n                                #cf7-1693 label {\r\n                    \r\n                    \r\n                                            font-weight: !important;\r\n                    \r\n                                    }\r\n\r\n\r\n\r\n\r\n                                #cf7-1693 input:not([type=\"submit\"]),\r\n                #cf7-1693 select,\r\n                #cf7-1693 textarea,\r\n                #cf7-1693 .SumoSelect > .CaptionCont {\r\n                    \r\n                    \r\n                    \r\n                    \r\n                    \r\n                    \r\n                    \r\n                    transition: 0.3s all ease-in-out;\r\n                }\r\n\r\n\r\n                #cf7-1693 input:not([type=\"submit\"]):hover,\r\n                #cf7-1693 select:hover,\r\n                #cf7-1693 textarea:hover {\r\n                    \r\n                    \r\n                                    }\r\n\r\n\r\n                #cf7-1693 input:not([type=\"submit\"]):focus,\r\n                #cf7-1693 select:focus,\r\n                #cf7-1693 textarea:focus {\r\n                    \r\n                    \r\n                                    }\r\n\r\n\r\n                \r\n\r\n                \r\n                \r\n\r\n\r\n\r\n                                #cf7-1693 .wpcf7-submit {\r\n\r\n                    \r\n                    \r\n                    \r\n                    \r\n                    \r\n                    \r\n                    \r\n                    \r\n                    \r\n                    \r\n                    \r\n                                    }\r\n\r\n\r\n                \r\n\r\n                \r\n\r\n                            <\/style>\r\n\r\n\r\n            <div id=\"cf7-1693\" class=\"sh-cf7 sh-cf7-wpbakery sh-cf7-style4 style6 sh-cf7-layout-default \">\r\n                \n<div class=\"wpcf7 no-js\" id=\"wpcf7-f1693-o1\" lang=\"en-US\" dir=\"ltr\" data-wpcf7-id=\"1693\">\n<div class=\"screen-reader-response\"><p role=\"status\" aria-live=\"polite\" aria-atomic=\"true\"><\/p> <ul><\/ul><\/div>\n<form action=\"\/index.php\/wp-json\/wp\/v2\/pages\/3165#wpcf7-f1693-o1\" method=\"post\" class=\"wpcf7-form init\" aria-label=\"Contact form\" novalidate=\"novalidate\" data-status=\"init\">\n<fieldset class=\"hidden-fields-container\"><input type=\"hidden\" name=\"_wpcf7\" value=\"1693\" \/><input type=\"hidden\" name=\"_wpcf7_version\" value=\"6.1.5\" \/><input type=\"hidden\" name=\"_wpcf7_locale\" value=\"en_US\" \/><input type=\"hidden\" name=\"_wpcf7_unit_tag\" value=\"wpcf7-f1693-o1\" \/><input type=\"hidden\" name=\"_wpcf7_container_post\" value=\"0\" \/><input type=\"hidden\" name=\"_wpcf7_posted_data_hash\" value=\"\" \/>\n<\/fieldset>\n<div class=\"sh-cf7-body\"><div class=\"row\">\n\t<div class=\"col-md-12\">\n\t\t<p><span class=\"wpcf7-form-control-wrap\" data-name=\"first-name\"><input size=\"40\" maxlength=\"400\" class=\"wpcf7-form-control wpcf7-text wpcf7-validates-as-required\" aria-required=\"true\" aria-invalid=\"false\" placeholder=\"Nom Pr\u00e9nom\" value=\"\" type=\"text\" name=\"first-name\" \/><\/span>\n\t\t<\/p>\n\t<\/div>\n<\/div>\n<div class=\"row\">\n\t<div class=\"col-md-12\">\n\t\t<p><span class=\"wpcf7-form-control-wrap\" data-name=\"your-tel\"><input size=\"40\" maxlength=\"400\" class=\"wpcf7-form-control wpcf7-tel wpcf7-validates-as-required wpcf7-text wpcf7-validates-as-tel\" aria-required=\"true\" aria-invalid=\"false\" placeholder=\"T\u00e9l\u00e9phone\" value=\"\" type=\"tel\" name=\"your-tel\" \/><\/span>\n\t\t<\/p>\n\t<\/div>\n<\/div>\n<div class=\"row\">\n\t<div class=\"col-md-12\">\n\t\t<p><span class=\"wpcf7-form-control-wrap\" data-name=\"your-email\"><input size=\"40\" maxlength=\"400\" class=\"wpcf7-form-control wpcf7-email wpcf7-validates-as-required wpcf7-text wpcf7-validates-as-email\" aria-required=\"true\" aria-invalid=\"false\" placeholder=\"E-mail\" value=\"\" type=\"email\" name=\"your-email\" \/><\/span>\n\t\t<\/p>\n\t<\/div>\n<\/div>\n<div class=\"text-center\">\n\t<p><input class=\"wpcf7-form-control wpcf7-submit has-spinner\" type=\"submit\" value=\"Envoyer\" \/>\n\t<\/p>\n<\/div><\/div><div class=\"wpcf7-response-output\" aria-hidden=\"true\"><\/div>\n<\/form>\n<\/div>\n            <\/div>\r\n\r\n        [\/vc_column_inner][vc_column_inner width=&#8221;1\/4&#8243;][\/vc_column_inner][\/vc_row_inner][\/vc_column][\/vc_row]<\/p>\n<\/div>","protected":false},"excerpt":{"rendered":"<p>[vc_row full_width=&#8221;stretch_row_content_no_spaces&#8221;][vc_column][rev_slider_vc alias=&#8221;Enfin-Mieux&#8221; css=&#8221;.vc_custom_1708957699495{margin-bottom: 0px !important;}&#8221;][\/vc_column][\/vc_row][vc_row full_width=&#8221;stretch_row_content_no_spaces&#8221; overflow=&#8221;visible&#8221; zindex=&#8221;100&#8243; css=&#8221;.vc_custom_1597330677918{margin-top: -120px !important;margin-bottom: 40px !important;}&#8221;][vc_column overflow=&#8221;default&#8221; css=&#8221;.vc_custom_1597330527988{margin-top: 0px !important;padding-top: 0px !important;}&#8221;][vc_row_inner content_placement=&#8221;top&#8221; shadow=&#8221;shadow1&#8243; overflow=&#8221;default&#8221; css=&#8221;.vc_custom_1709024692793{background-color: #ffffff !important;}&#8221; max_width=&#8221;1400px&#8221; padding_tablet=&#8221;45px 0px 45px 0px&#8221;][vc_column_inner width=&#8221;1\/4&#8243; overflow=&#8221;default&#8221; css=&#8221;.vc_custom_1709024612402{padding-top: 60px !important;padding-right: 15px !important;padding-bottom: 90px !important;padding-left: 15px !important;}&#8221; padding_tablet=&#8221;10px 30px 10px&#8230;<\/p>\n","protected":false},"author":1,"featured_media":0,"parent":0,"menu_order":0,"comment_status":"closed","ping_status":"closed","template":"","meta":{"footnotes":""},"class_list":["post-3165","page","type-page","status-publish","hentry"],"yoast_head":"<!-- This site is optimized with the Yoast SEO plugin v27.5 - https:\/\/yoast.com\/product\/yoast-seo-wordpress\/ -->\n<title>Contact - Enfin Mieux<\/title>\n<meta name=\"robots\" content=\"index, follow, max-snippet:-1, max-image-preview:large, max-video-preview:-1\" \/>\n<link rel=\"canonical\" href=\"https:\/\/enfin-mieux.com\/index.php\/contact\/\" \/>\n<meta property=\"og:locale\" content=\"fr_FR\" \/>\n<meta property=\"og:type\" content=\"article\" \/>\n<meta property=\"og:title\" content=\"Contact - Enfin Mieux\" \/>\n<meta property=\"og:description\" content=\"[vc_row full_width=&#8221;stretch_row_content_no_spaces&#8221;][vc_column][rev_slider_vc alias=&#8221;Enfin-Mieux&#8221; css=&#8221;.vc_custom_1708957699495{margin-bottom: 0px !important;}&#8221;][\/vc_column][\/vc_row][vc_row full_width=&#8221;stretch_row_content_no_spaces&#8221; overflow=&#8221;visible&#8221; zindex=&#8221;100&#8243; css=&#8221;.vc_custom_1597330677918{margin-top: -120px !important;margin-bottom: 40px !important;}&#8221;][vc_column overflow=&#8221;default&#8221; css=&#8221;.vc_custom_1597330527988{margin-top: 0px !important;padding-top: 0px !important;}&#8221;][vc_row_inner content_placement=&#8221;top&#8221; shadow=&#8221;shadow1&#8243; overflow=&#8221;default&#8221; css=&#8221;.vc_custom_1709024692793{background-color: #ffffff !important;}&#8221; max_width=&#8221;1400px&#8221; padding_tablet=&#8221;45px 0px 45px 0px&#8221;][vc_column_inner width=&#8221;1\/4&#8243; overflow=&#8221;default&#8221; css=&#8221;.vc_custom_1709024612402{padding-top: 60px !important;padding-right: 15px !important;padding-bottom: 90px !important;padding-left: 15px !important;}&#8221; padding_tablet=&#8221;10px 30px 10px...\" \/>\n<meta property=\"og:url\" content=\"https:\/\/enfin-mieux.com\/index.php\/contact\/\" \/>\n<meta property=\"og:site_name\" content=\"Enfin Mieux\" \/>\n<meta property=\"article:modified_time\" content=\"2024-04-23T13:41:29+00:00\" \/>\n<meta name=\"twitter:card\" content=\"summary_large_image\" \/>\n<meta name=\"twitter:label1\" content=\"Dur\u00e9e de lecture estim\u00e9e\" \/>\n\t<meta name=\"twitter:data1\" content=\"3 minutes\" \/>\n<script type=\"application\/ld+json\" class=\"yoast-schema-graph\">{\"@context\":\"https:\\\/\\\/schema.org\",\"@graph\":[{\"@type\":\"WebPage\",\"@id\":\"https:\\\/\\\/enfin-mieux.com\\\/index.php\\\/contact\\\/\",\"url\":\"https:\\\/\\\/enfin-mieux.com\\\/index.php\\\/contact\\\/\",\"name\":\"Contact - Enfin Mieux\",\"isPartOf\":{\"@id\":\"https:\\\/\\\/enfin-mieux.com\\\/#website\"},\"datePublished\":\"2024-02-29T14:40:41+00:00\",\"dateModified\":\"2024-04-23T13:41:29+00:00\",\"breadcrumb\":{\"@id\":\"https:\\\/\\\/enfin-mieux.com\\\/index.php\\\/contact\\\/#breadcrumb\"},\"inLanguage\":\"fr-FR\",\"potentialAction\":[{\"@type\":\"ReadAction\",\"target\":[\"https:\\\/\\\/enfin-mieux.com\\\/index.php\\\/contact\\\/\"]}]},{\"@type\":\"BreadcrumbList\",\"@id\":\"https:\\\/\\\/enfin-mieux.com\\\/index.php\\\/contact\\\/#breadcrumb\",\"itemListElement\":[{\"@type\":\"ListItem\",\"position\":1,\"name\":\"Accueil\",\"item\":\"https:\\\/\\\/enfin-mieux.com\\\/\"},{\"@type\":\"ListItem\",\"position\":2,\"name\":\"Contact\"}]},{\"@type\":\"WebSite\",\"@id\":\"https:\\\/\\\/enfin-mieux.com\\\/#website\",\"url\":\"https:\\\/\\\/enfin-mieux.com\\\/\",\"name\":\"Enfin Mieux\",\"description\":\"Formation - Coaching\",\"potentialAction\":[{\"@type\":\"SearchAction\",\"target\":{\"@type\":\"EntryPoint\",\"urlTemplate\":\"https:\\\/\\\/enfin-mieux.com\\\/?s={search_term_string}\"},\"query-input\":{\"@type\":\"PropertyValueSpecification\",\"valueRequired\":true,\"valueName\":\"search_term_string\"}}],\"inLanguage\":\"fr-FR\"}]}<\/script>\n<!-- \/ Yoast SEO plugin. -->","yoast_head_json":{"title":"Contact - Enfin Mieux","robots":{"index":"index","follow":"follow","max-snippet":"max-snippet:-1","max-image-preview":"max-image-preview:large","max-video-preview":"max-video-preview:-1"},"canonical":"https:\/\/enfin-mieux.com\/index.php\/contact\/","og_locale":"fr_FR","og_type":"article","og_title":"Contact - Enfin Mieux","og_description":"[vc_row full_width=&#8221;stretch_row_content_no_spaces&#8221;][vc_column][rev_slider_vc alias=&#8221;Enfin-Mieux&#8221; css=&#8221;.vc_custom_1708957699495{margin-bottom: 0px !important;}&#8221;][\/vc_column][\/vc_row][vc_row full_width=&#8221;stretch_row_content_no_spaces&#8221; overflow=&#8221;visible&#8221; zindex=&#8221;100&#8243; css=&#8221;.vc_custom_1597330677918{margin-top: -120px !important;margin-bottom: 40px !important;}&#8221;][vc_column overflow=&#8221;default&#8221; css=&#8221;.vc_custom_1597330527988{margin-top: 0px !important;padding-top: 0px !important;}&#8221;][vc_row_inner content_placement=&#8221;top&#8221; shadow=&#8221;shadow1&#8243; overflow=&#8221;default&#8221; css=&#8221;.vc_custom_1709024692793{background-color: #ffffff !important;}&#8221; max_width=&#8221;1400px&#8221; padding_tablet=&#8221;45px 0px 45px 0px&#8221;][vc_column_inner width=&#8221;1\/4&#8243; overflow=&#8221;default&#8221; css=&#8221;.vc_custom_1709024612402{padding-top: 60px !important;padding-right: 15px !important;padding-bottom: 90px !important;padding-left: 15px !important;}&#8221; padding_tablet=&#8221;10px 30px 10px...","og_url":"https:\/\/enfin-mieux.com\/index.php\/contact\/","og_site_name":"Enfin Mieux","article_modified_time":"2024-04-23T13:41:29+00:00","twitter_card":"summary_large_image","twitter_misc":{"Dur\u00e9e de lecture estim\u00e9e":"3 minutes"},"schema":{"@context":"https:\/\/schema.org","@graph":[{"@type":"WebPage","@id":"https:\/\/enfin-mieux.com\/index.php\/contact\/","url":"https:\/\/enfin-mieux.com\/index.php\/contact\/","name":"Contact - Enfin Mieux","isPartOf":{"@id":"https:\/\/enfin-mieux.com\/#website"},"datePublished":"2024-02-29T14:40:41+00:00","dateModified":"2024-04-23T13:41:29+00:00","breadcrumb":{"@id":"https:\/\/enfin-mieux.com\/index.php\/contact\/#breadcrumb"},"inLanguage":"fr-FR","potentialAction":[{"@type":"ReadAction","target":["https:\/\/enfin-mieux.com\/index.php\/contact\/"]}]},{"@type":"BreadcrumbList","@id":"https:\/\/enfin-mieux.com\/index.php\/contact\/#breadcrumb","itemListElement":[{"@type":"ListItem","position":1,"name":"Accueil","item":"https:\/\/enfin-mieux.com\/"},{"@type":"ListItem","position":2,"name":"Contact"}]},{"@type":"WebSite","@id":"https:\/\/enfin-mieux.com\/#website","url":"https:\/\/enfin-mieux.com\/","name":"Enfin Mieux","description":"Formation - Coaching","potentialAction":[{"@type":"SearchAction","target":{"@type":"EntryPoint","urlTemplate":"https:\/\/enfin-mieux.com\/?s={search_term_string}"},"query-input":{"@type":"PropertyValueSpecification","valueRequired":true,"valueName":"search_term_string"}}],"inLanguage":"fr-FR"}]}},"_links":{"self":[{"href":"https:\/\/enfin-mieux.com\/index.php\/wp-json\/wp\/v2\/pages\/3165","targetHints":{"allow":["GET"]}}],"collection":[{"href":"https:\/\/enfin-mieux.com\/index.php\/wp-json\/wp\/v2\/pages"}],"about":[{"href":"https:\/\/enfin-mieux.com\/index.php\/wp-json\/wp\/v2\/types\/page"}],"author":[{"embeddable":true,"href":"https:\/\/enfin-mieux.com\/index.php\/wp-json\/wp\/v2\/users\/1"}],"replies":[{"embeddable":true,"href":"https:\/\/enfin-mieux.com\/index.php\/wp-json\/wp\/v2\/comments?post=3165"}],"version-history":[{"count":6,"href":"https:\/\/enfin-mieux.com\/index.php\/wp-json\/wp\/v2\/pages\/3165\/revisions"}],"predecessor-version":[{"id":3274,"href":"https:\/\/enfin-mieux.com\/index.php\/wp-json\/wp\/v2\/pages\/3165\/revisions\/3274"}],"wp:attachment":[{"href":"https:\/\/enfin-mieux.com\/index.php\/wp-json\/wp\/v2\/media?parent=3165"}],"curies":[{"name":"wp","href":"https:\/\/api.w.org\/{rel}","templated":true}]}}